{"id":225495,"date":"2022-11-23T13:22:27","date_gmt":"2022-11-23T12:22:27","guid":{"rendered":"https:\/\/moselhotel-sonnenblick.web2.compleet.cloud\/voorzieningen\/"},"modified":"2026-01-19T14:50:42","modified_gmt":"2026-01-19T13:50:42","slug":"voorzieningen","status":"publish","type":"page","link":"https:\/\/moselhotel-sonnenblick.de\/nl\/voorzieningen\/","title":{"rendered":"Voorzieningen"},"content":{"rendered":"<p>[et_pb_section fb_built=&#8221;1&#8243; fullwidth=&#8221;on&#8221; _builder_version=&#8221;4.20.1&#8243; _module_preset=&#8221;default&#8221; background_color=&#8221;#000000&#8243; vertical_offset_tablet=&#8221;0&#8243; horizontal_offset_tablet=&#8221;0&#8243; sticky_position=&#8221;top&#8221; box_shadow_horizontal_tablet=&#8221;0px&#8221; box_shadow_vertical_tablet=&#8221;0px&#8221; box_shadow_blur_tablet=&#8221;40px&#8221; box_shadow_spread_tablet=&#8221;0px&#8221; global_colors_info=&#8221;{}&#8221;][et_pb_fullwidth_menu active_link_color=&#8221;#FFFFFF&#8221; logo=&#8221;https:\/\/moselhotel-sonnenblick.de\/wp-content\/uploads\/2022\/11\/Logo-Hotel-Sonnenblick-header_500-1.png&#8221; logo_url=&#8221;https:\/\/moselhotel-sonnenblick.de&#8221; logo_width=&#8221;300px&#8221; _builder_version=&#8221;4.20.4&#8243; _module_preset=&#8221;default&#8221; menu_font=&#8221;|600|||||||&#8221; menu_text_color=&#8221;#F6C942&#8243; menu_font_size=&#8221;15px&#8221; background_color=&#8221;#000000&#8243; custom_margin=&#8221;23px||||false|false&#8221; global_colors_info=&#8221;{}&#8221;][\/et_pb_fullwidth_menu][\/et_pb_section][et_pb_section fb_built=&#8221;1&#8243; fullwidth=&#8221;on&#8221; _builder_version=&#8221;4.20.1&#8243; _module_preset=&#8221;default&#8221; global_colors_info=&#8221;{}&#8221;][et_pb_fullwidth_post_title meta=&#8221;off&#8221; featured_image=&#8221;off&#8221; admin_label=&#8221;Berichtstitel met volle breedte&#8221; _builder_version=&#8221;4.20.4&#8243; _module_preset=&#8221;default&#8221; title_font=&#8221;Titillium Web||||||||&#8221; title_text_color=&#8221;#FFFFFF&#8221; title_font_size=&#8221;40px&#8221; background_color=&#8221;#000000&#8243; background_image=&#8221;https:\/\/moselhotel-sonnenblick.de\/wp-content\/uploads\/2023\/02\/homepage_stad-s-scaled.webp&#8221; parallax=&#8221;on&#8221; text_orientation=&#8221;center&#8221; custom_margin=&#8221;32px||||false|false&#8221; custom_padding=&#8221;||89px||false|false&#8221; global_colors_info=&#8221;{}&#8221;][\/et_pb_fullwidth_post_title][\/et_pb_section][et_pb_section fb_built=&#8221;1&#8243; admin_label=&#8221;Contact Form&#8221; _builder_version=&#8221;4.18.0&#8243; _module_preset=&#8221;default&#8221; background_color=&#8221;gcid-f53bea2f-11b6-47b2-a970-343c85385294&#8243; custom_padding=&#8221;||0px|||&#8221; collapsed=&#8221;off&#8221; global_colors_info=&#8221;{%22gcid-f53bea2f-11b6-47b2-a970-343c85385294%22:%91%22background_color%22%93}&#8221;][et_pb_row _builder_version=&#8221;4.19.2&#8243; _module_preset=&#8221;default&#8221; global_colors_info=&#8221;{}&#8221;][et_pb_column type=&#8221;4_4&#8243; _builder_version=&#8221;4.18.0&#8243; _module_preset=&#8221;default&#8221; custom_padding_tablet=&#8221;||30px||false|false&#8221; custom_padding_phone=&#8221;||30px||false|false&#8221; custom_padding_last_edited=&#8221;on|tablet&#8221; global_colors_info=&#8221;{}&#8221;][et_pb_text _builder_version=&#8221;4.27.2&#8243; _module_preset=&#8221;default&#8221; header_2_font=&#8221;|600|||||||&#8221; header_2_font_size=&#8221;30px&#8221; header_2_text_color_tablet=&#8221;&#8221; header_2_text_color_phone=&#8221;&#8221; header_2_text_color_last_edited=&#8221;on|phone&#8221; header_2_font_size_tablet=&#8221;30px&#8221; header_2_font_size_phone=&#8221;20px&#8221; header_2_font_size_last_edited=&#8221;on|phone&#8221; global_colors_info=&#8221;{}&#8221;]<\/p>\n<h2>Wat zou je graag willen weten?<\/h2>\n<p>[\/et_pb_text][et_pb_accordion open_toggle_text_color=&#8221;#F6C942&#8243; closed_toggle_text_color=&#8221;#F6C942&#8243; toggle_icon=&#8221;&#xf21c;||fa||900&#8243; _builder_version=&#8221;4.27.5&#8243; _module_preset=&#8221;default&#8221; toggle_level=&#8221;h3&#8243; toggle_font_size=&#8221;22px&#8221; body_font_size=&#8221;20px&#8221; hover_enabled=&#8221;0&#8243; toggle_font_size_tablet=&#8221;22px&#8221; toggle_font_size_phone=&#8221;18px&#8221; toggle_font_size_last_edited=&#8221;on|phone&#8221; global_colors_info=&#8221;{}&#8221; sticky_enabled=&#8221;0&#8243;][et_pb_accordion_item title=&#8221;Hoe kan ik boeken bij jullie?&#8221; open=&#8221;on&#8221; _builder_version=&#8221;4.24.0&#8243; _module_preset=&#8221;default&#8221; body_font=&#8221;||||||||&#8221; body_font_size=&#8221;20px&#8221; body_font_size_tablet=&#8221;16px&#8221; body_font_size_phone=&#8221;16px&#8221; body_font_size_last_edited=&#8221;on|desktop&#8221; global_colors_info=&#8221;{}&#8221; toggle_font=&#8221;||||||||&#8221; toggle_font_size_tablet=&#8221;&#8221; toggle_font_size_phone=&#8221;18px&#8221; toggle_font_size_last_edited=&#8221;on|phone&#8221;]<\/p>\n<p>Je kunt reserveren door het reserveringsformulier op de pagina<a href=\"https:\/\/moselhotel-sonnenblick.de\/zimmer-preise-2023\/\" target=\"_blank\" rel=\"noopener\">&#8220;Kamers en prijzen<\/a>&#8221; in te vullen. Je ontvangt zo snel mogelijk een reactie van ons, meestal binnen 24 uur. <\/p>\n<p>[\/et_pb_accordion_item][et_pb_accordion_item title=&#8221;Kan ik mijn boeking annuleren?&#8221; _builder_version=&#8221;4.23.4&#8243; _module_preset=&#8221;default&#8221; body_font=&#8221;||||||||&#8221; body_font_size=&#8221;20px&#8221; body_font_size_tablet=&#8221;16px&#8221; body_font_size_phone=&#8221;16px&#8221; body_font_size_last_edited=&#8221;on|desktop&#8221; global_colors_info=&#8221;{}&#8221; toggle_font=&#8221;||||||||&#8221; toggle_font_size_tablet=&#8221;&#8221; toggle_font_size_phone=&#8221;&#8221; toggle_font_size_last_edited=&#8221;on|phone&#8221; open=&#8221;off&#8221;]<\/p>\n<p><strong>Annulering of wijziging<\/strong> Onze gast kan het boekingscontract voor aankomst annuleren of wijzigen. Afwijkingen van het contract, zoals annulering of omboeking, moeten schriftelijk worden gemeld:<br \/>Dit kan per e-mail. De volgende voorwaarden zijn van toepassing:<\/p>\n<p>Tot 14 dagen voor aankomst gratis Binnen 14 dagen voor aankomst 100% van de aanbetaling. Dit geldt ook bij het niet verschijnen op de overeengekomen aankomstdag.<\/p>\n<p>Wij raden onze gasten aan om een annuleringsverzekering af te sluiten.<\/p>\n<p>* Zie ook onze <a href=\"https:\/\/moselhotel-sonnenblick.de\/wp-content\/uploads\/2024\/01\/Algemene-voorwaarden-Hotel-Sonnenblick-Lutz-2023.pdf\" target=\"_blank\" rel=\"noopener\">AV<\/a><\/p>\n<p>[\/et_pb_accordion_item][et_pb_accordion_item title=&#8221;Aankomst &#038; Vertrek&#8221; _builder_version=&#8221;4.24.0&#8243; _module_preset=&#8221;default&#8221; global_colors_info=&#8221;{}&#8221; open=&#8221;off&#8221;]<\/p>\n<p>Aankomst is mogelijk vanaf 16:00 uur en vertrek is mogelijk tot uiterlijk 11:00 uur.<\/p>\n<p>[\/et_pb_accordion_item][et_pb_accordion_item title=&#8221;Wat zijn jullie openingstijden?&#8221; _builder_version=&#8221;4.27.2&#8243; _module_preset=&#8221;default&#8221; global_colors_info=&#8221;{}&#8221; open=&#8221;off&#8221;]<\/p>\n<p>Wij openen dagelijks om 16:00 uur, aankomst is mogelijk vanaf 16:00 uur. We zijn gesloten tussen 11:00 en 16:00 uur.<\/p>\n<p>[\/et_pb_accordion_item][et_pb_accordion_item title=&#8221;Openingstijden bar en terras&#8221; _builder_version=&#8221;4.27.2&#8243; _module_preset=&#8221;default&#8221; global_colors_info=&#8221;{}&#8221; open=&#8221;off&#8221;]<\/p>\n<p>Zondag t\/m donderdag: van 16:00 tot 00:00 uur;<br \/>Ons terras is geopend tot 22:00 uur<\/p>\n<p>Vrijdag en zaterdag van 16:00 tot 1:00 uur;<br \/>Ons terras is geopend tot 23:00 uur.<\/p>\n<p>Het nuttigen van meegebrachte consumpties in ons restaurant, de bar of op het terras is niet toegestaan.<\/p>\n<p>Hebben jullie buren? Natuurlijk hebben we die! Daarom vragen we onze gasten om op een bepaald moment op de avond naar binnen te gaan en hun verblijf voort te zetten in onze bar, want onze buren willen ook graag van hun nachtrust genieten.  <\/p>\n<p>[\/et_pb_accordion_item][et_pb_accordion_item title=&#8221;Betaling&#8221; _builder_version=&#8221;4.27.5&#8243; _module_preset=&#8221;default&#8221; hover_enabled=&#8221;0&#8243; global_colors_info=&#8221;{}&#8221; open=&#8221;off&#8221; sticky_enabled=&#8221;0&#8243;]<\/p>\n<p>Contante betaling of betaling per kaart is mogelijk. Betaling met creditcard is niet mogelijk.<br \/>Voor de betaling van de eindafrekening van het hotel geldt: de (rest)betaling van de hotelrekening dient in \u00e9\u00e9n keer te worden voldaan door \u00e9\u00e9n persoon. Het is niet de bedoeling dat iedere persoon van een groep apart zijn of haar deel afrekent bij ons.<\/p>\n<p>[\/et_pb_accordion_item][et_pb_accordion_item title=&#8221;Avondeten?&#8221; _builder_version=&#8221;4.19.2&#8243; _module_preset=&#8221;default&#8221; global_colors_info=&#8221;{}&#8221; open=&#8221;off&#8221;]<\/p>\n<p>Het avondeten is om 18:30 en we eten gezamenlijk.<\/p>\n<p>[\/et_pb_accordion_item][et_pb_accordion_item title=&#8221;Kan ik van de menukaart eten?&#8221; _builder_version=&#8221;4.19.2&#8243; _module_preset=&#8221;default&#8221; global_colors_info=&#8221;{}&#8221; open=&#8221;off&#8221;]<\/p>\n<p>Bij ons is het niet mogelijk om van het menu te eten; het avondeten is wat de pot schaft. Samen eten brengt mensen met elkaar in contact!<\/p>\n<p>[\/et_pb_accordion_item][et_pb_accordion_item title=&#8221;Ik heb dieetwensen, hoe kan ik dit doorgeven?&#8221; _builder_version=&#8221;4.19.2&#8243; _module_preset=&#8221;default&#8221; global_colors_info=&#8221;{}&#8221; open=&#8221;off&#8221;]<\/p>\n<p>Neem contact met ons op via het <a href=\"https:\/\/moselhotel-sonnenblick.de\/nl\/contact\/\"> contactformulier<\/a>, onder vermelding van je boekingsnummer. We willen graag een week van tevoren weten waar we rekening mee kunnen houden.   <\/p>\n<p>&nbsp;<\/p>\n<p>[\/et_pb_accordion_item][et_pb_accordion_item title=&#8221;Parkeren&#8221; _builder_version=&#8221;4.23.4&#8243; _module_preset=&#8221;default&#8221; global_colors_info=&#8221;{}&#8221; open=&#8221;off&#8221;]<\/p>\n<p>Parkeren kan op onze eigen parkeerplaats; deze is gedeeltelijk overdekt. Parkeren is op eigen risico. Kom je met een auto en aanhanger? <br \/>Hier is (beperkt) plaats voor, neem van tevoren<a href=\"https:\/\/moselhotel-sonnenblick.de\/nl\/contact\/\">contact met ons op<\/a>.<\/p>\n<p>[\/et_pb_accordion_item][et_pb_accordion_item title=&#8221;Beddengoed \/ handdoekenservice&#8221; _builder_version=&#8221;4.19.2&#8243; _module_preset=&#8221;default&#8221; global_colors_info=&#8221;{}&#8221; open=&#8221;off&#8221;]<\/p>\n<p>Je verblijf is inclusief beddengoed en handdoeken. In het kader van duurzaamheid worden de handdoeken om de dag verschoond (indien gewenst). Je kunt aangeven dat je schone handdoeken nodig hebt door ze op de grond te leggen. Heb je toch vaker dan om de dag schone handdoeken nodig? Dan vragen wij een toeslag van \u20ac 2,00 per handdoek.<\/p>\n<p>[\/et_pb_accordion_item][\/et_pb_accordion][\/et_pb_column][\/et_pb_row][\/et_pb_section][et_pb_section fb_built=&#8221;1&#8243; _builder_version=&#8221;4.19.1&#8243; _module_preset=&#8221;default&#8221; background_color=&#8221;#000000&#8243; custom_padding=&#8221;0px|||||&#8221; global_colors_info=&#8221;{}&#8221;][et_pb_row column_structure=&#8221;1_3,1_3,1_3&#8243; _builder_version=&#8221;4.20.1&#8243; _module_preset=&#8221;default&#8221; global_colors_info=&#8221;{}&#8221;][et_pb_column type=&#8221;1_3&#8243; _builder_version=&#8221;4.19.1&#8243; _module_preset=&#8221;default&#8221; global_colors_info=&#8221;{}&#8221;][et_pb_image src=&#8221;https:\/\/moselhotel-sonnenblick.de\/wp-content\/uploads\/2022\/11\/Logo-Hotel-Sonnenblick-header_500-1.png&#8221; title_text=&#8221;Logo Hotel Sonnenblick&#8221; url=&#8221;https:\/\/moselhotel-sonnenblick.de\/nl\/&#8221; _builder_version=&#8221;4.20.4&#8243; _module_preset=&#8221;default&#8221; global_colors_info=&#8221;{}&#8221;][\/et_pb_image][\/et_pb_column][et_pb_column type=&#8221;1_3&#8243; _builder_version=&#8221;4.19.2&#8243; _module_preset=&#8221;default&#8221; custom_padding=&#8221;|||20px|false|false&#8221; border_width_left=&#8221;2px&#8221; border_color_left=&#8221;#545454&#8243; global_colors_info=&#8221;{}&#8221;][et_pb_text _builder_version=&#8221;4.27.4&#8243; _module_preset=&#8221;default&#8221; text_text_color=&#8221;#FFFFFF&#8221; text_font_size=&#8221;18px&#8221; text_line_height=&#8221;1em&#8221; custom_margin=&#8221;||||false|false&#8221; custom_padding=&#8221;1px||||false|false&#8221; border_color_left=&#8221;#545454&#8243; global_colors_info=&#8221;{}&#8221;]<\/p>\n<p><a href=\"https:\/\/moselhotel-sonnenblick.de\/wp-content\/uploads\/2025\/02\/ALGEMENE-VOORWAARDEN-HOTEL-SONNENBLICK-LUTZ-NED-2025.pdf\" target=\"_blank\" rel=\"noopener\">Algemene voorwaarden<\/a><\/p>\n<p><a href=\"https:\/\/moselhotel-sonnenblick.de\/nl\/privacyverklaring\/\" target=\"_blank\" rel=\"noopener\">Privacyverklaring<\/a><\/p>\n<p><a href=\"https:\/\/moselhotel-sonnenblick.de\/nl\/impressum\/\" target=\"_blank\" rel=\"noopener\">Impressum<\/a><\/p>\n<p>&nbsp;<\/p>\n<p>[\/et_pb_text][\/et_pb_column][et_pb_column type=&#8221;1_3&#8243; _builder_version=&#8221;4.19.2&#8243; _module_preset=&#8221;default&#8221; custom_padding=&#8221;|||20px|false|false&#8221; border_width_left=&#8221;2px&#8221; border_color_left=&#8221;#545454&#8243; global_colors_info=&#8221;{}&#8221;][et_pb_blurb use_icon=&#8221;on&#8221; font_icon=&#8221;&#x6c;||divi||400&#8243; icon_color=&#8221;#FFFFFF&#8221; icon_placement=&#8221;left&#8221; image_icon_width=&#8221;20px&#8221; _builder_version=&#8221;4.19.2&#8243; _module_preset=&#8221;default&#8221; body_text_color=&#8221;#FFFFFF&#8221; body_font_size=&#8221;18px&#8221; body_line_height=&#8221;1em&#8221; link_option_url=&#8221;https:\/\/moselhotel-sonnenblick.de\/nl\/contact\/&#8221; global_colors_info=&#8221;{}&#8221;]<\/p>\n<p>Contact<\/p>\n<p>[\/et_pb_blurb][et_pb_blurb use_icon=&#8221;on&#8221; font_icon=&#8221;&#xf3cd;||fa||900&#8243; icon_color=&#8221;#FFFFFF&#8221; icon_placement=&#8221;left&#8221; image_icon_width=&#8221;20px&#8221; _builder_version=&#8221;4.19.2&#8243; _module_preset=&#8221;default&#8221; body_text_color=&#8221;#FFFFFF&#8221; body_font_size=&#8221;18px&#8221; body_line_height=&#8221;1em&#8221; custom_margin=&#8221;||||false|false&#8221; custom_padding=&#8221;||||false|false&#8221; border_color_left=&#8221;#545454&#8243; global_colors_info=&#8221;{}&#8221;]<\/p>\n<p>+49 2672 2514<\/p>\n<p>[\/et_pb_blurb][et_pb_blurb use_icon=&#8221;on&#8221; font_icon=&#8221;&#xf276;||fa||900&#8243; icon_color=&#8221;#FFFFFF&#8221; icon_placement=&#8221;left&#8221; image_icon_width=&#8221;20px&#8221; _builder_version=&#8221;4.19.2&#8243; _module_preset=&#8221;default&#8221; body_text_color=&#8221;#FFFFFF&#8221; body_font_size=&#8221;18px&#8221; body_line_height=&#8221;1em&#8221; custom_margin=&#8221;||||false|false&#8221; custom_padding=&#8221;||||false|false&#8221; border_color_left=&#8221;#545454&#8243; global_colors_info=&#8221;{}&#8221;]<\/p>\n<p>Hollstra\u00dfe 24, 56290 L\u00fctz Duitsland<\/p>\n<p>[\/et_pb_blurb][\/et_pb_column][\/et_pb_row][et_pb_row column_structure=&#8221;1_3,1_3,1_3&#8243; _builder_version=&#8221;4.19.2&#8243; _module_preset=&#8221;default&#8221; global_colors_info=&#8221;{}&#8221;][et_pb_column type=&#8221;1_3&#8243; _builder_version=&#8221;4.19.2&#8243; _module_preset=&#8221;default&#8221; global_colors_info=&#8221;{}&#8221;][et_pb_text _builder_version=&#8221;4.19.2&#8243; _module_preset=&#8221;default&#8221; text_text_color=&#8221;#9e9e9e&#8221; text_font_size=&#8221;16px&#8221; global_colors_info=&#8221;{}&#8221;]<\/p>\n<p>Website door <a href=\"https:\/\/www.nofuss.nl\" target=\"_blank\" rel=\"noopener\">NOFUSS<\/a><\/p>\n<p>[\/et_pb_text][\/et_pb_column][et_pb_column type=&#8221;1_3&#8243; _builder_version=&#8221;4.19.2&#8243; _module_preset=&#8221;default&#8221; global_colors_info=&#8221;{}&#8221;][\/et_pb_column][et_pb_column type=&#8221;1_3&#8243; _builder_version=&#8221;4.19.2&#8243; _module_preset=&#8221;default&#8221; global_colors_info=&#8221;{}&#8221;][\/et_pb_column][\/et_pb_row][\/et_pb_section][et_pb_section fb_built=&#8221;1&#8243; admin_label=&#8221;kop&#8221; module_class=&#8221;three-columns&#8221; _builder_version=&#8221;4.20.1&#8243; _module_preset=&#8221;default&#8221; background_color=&#8221;#000000&#8243; vertical_offset_tablet=&#8221;0&#8243; horizontal_offset_tablet=&#8221;0&#8243; max_height=&#8221;50px&#8221; custom_margin=&#8221;||||true|false&#8221; custom_padding=&#8221;0px|||||&#8221; sticky_position=&#8221;bottom&#8221; box_shadow_horizontal_tablet=&#8221;0px&#8221; box_shadow_vertical_tablet=&#8221;0px&#8221; box_shadow_blur_tablet=&#8221;40px&#8221; box_shadow_spread_tablet=&#8221;0px&#8221; global_colors_info=&#8221;{}&#8221;][et_pb_row column_structure=&#8221;1_3,1_3,1_3&#8243; use_custom_gutter=&#8221;on&#8221; gutter_width=&#8221;1&#8243; make_equal=&#8221;on&#8221; _builder_version=&#8221;4.20.1&#8243; _module_preset=&#8221;default&#8221; background_color=&#8221;RGBA(255,255,255,0)&#8221; max_width_tablet=&#8221;&#8221; max_width_phone=&#8221;&#8221; max_width_last_edited=&#8221;on|phone&#8221; module_alignment=&#8221;center&#8221; max_height=&#8221;50px&#8221; custom_margin=&#8221;||||true|false&#8221; custom_margin_tablet=&#8221;||||true|false&#8221; custom_margin_phone=&#8221;||||true|false&#8221; custom_margin_last_edited=&#8221;on|phone&#8221; custom_padding=&#8221;0px||0px||true|false&#8221; custom_css_main_element=&#8221;display: flex;&#8221; global_colors_info=&#8221;{}&#8221;][et_pb_column type=&#8221;1_3&#8243; _builder_version=&#8221;4.20.1&#8243; _module_preset=&#8221;default&#8221; background_color=&#8221;#000000&#8243; global_colors_info=&#8221;{}&#8221;][et_pb_icon font_icon=&#8221;&#xf232;||fa||400&#8243; icon_width=&#8221;30px&#8221; url=&#8221;https:\/\/wa.me\/4926722514?text=Hallo%20Helen%20und%20Eddie!&#8221; url_new_window=&#8221;on&#8221; admin_label=&#8221;whatsapp&#8221; _builder_version=&#8221;4.20.4&#8243; _module_preset=&#8221;default&#8221; custom_padding=&#8221;10px||10px||true|false&#8221; global_colors_info=&#8221;{}&#8221;][\/et_pb_icon][\/et_pb_column][et_pb_column type=&#8221;1_3&#8243; _builder_version=&#8221;4.20.0&#8243; _module_preset=&#8221;default&#8221; background_color=&#8221;#000000&#8243; global_colors_info=&#8221;{}&#8221;][et_pb_icon font_icon=&#8221;&#xe09a;||divi||400&#8243; icon_width=&#8221;30px&#8221; url=&#8221;https:\/\/www.instagram.com\/hotelsonnenblicklutz\/&#8221; url_new_window=&#8221;on&#8221; admin_label=&#8221;instagram&#8221; _builder_version=&#8221;4.20.0&#8243; _module_preset=&#8221;default&#8221; custom_padding=&#8221;10px||10px||true|false&#8221; global_colors_info=&#8221;{}&#8221;][\/et_pb_icon][\/et_pb_column][et_pb_column type=&#8221;1_3&#8243; _builder_version=&#8221;4.20.0&#8243; _module_preset=&#8221;default&#8221; background_color=&#8221;#000000&#8243; global_colors_info=&#8221;{}&#8221;][et_pb_icon font_icon=&#8221;&#xf09a;||fa||400&#8243; icon_width=&#8221;30px&#8221; url=&#8221;https:\/\/www.facebook.com\/hotelsonnenblicklutz\/&#8221; url_new_window=&#8221;on&#8221; admin_label=&#8221;facebook&#8221; _builder_version=&#8221;4.20.0&#8243; _module_preset=&#8221;default&#8221; background_color=&#8221;RGBA(255,255,255,0)&#8221; custom_padding=&#8221;10px||10px||true|false&#8221; global_colors_info=&#8221;{}&#8221;][\/et_pb_icon][\/et_pb_column][\/et_pb_row][\/et_pb_section]<\/p>\n","protected":false},"excerpt":{"rendered":"<p>[et_pb_section bb_built=&#8221;1&#8243; fullwidth=&#8221;on&#8221; _builder_version=&#8221;4.20.0&#8243; _module_preset=&#8221;default&#8221; background_color=&#8221;#000000&#8243; global_colors_info=&#8221;{}&#8221; background_pattern_color=&#8221;rgba(0,0,0,0.2)&#8221; background_mask_color=&#8221;#ffffff&#8221; box_shadow_horizontal_tablet=&#8221;&#8230;<\/p>\n","protected":false},"author":1,"featured_media":0,"parent":0,"menu_order":0,"comment_status":"closed","ping_status":"closed","template":"page-template-blank.php","meta":{"_et_pb_use_builder":"on","_et_pb_old_content":"","_et_gb_content_width":"","footnotes":""},"class_list":["post-225495","page","type-page","status-publish","hentry"],"_links":{"self":[{"href":"https:\/\/moselhotel-sonnenblick.de\/nl\/wp-json\/wp\/v2\/pages\/225495","targetHints":{"allow":["GET"]}}],"collection":[{"href":"https:\/\/moselhotel-sonnenblick.de\/nl\/wp-json\/wp\/v2\/pages"}],"about":[{"href":"https:\/\/moselhotel-sonnenblick.de\/nl\/wp-json\/wp\/v2\/types\/page"}],"author":[{"embeddable":true,"href":"https:\/\/moselhotel-sonnenblick.de\/nl\/wp-json\/wp\/v2\/users\/1"}],"replies":[{"embeddable":true,"href":"https:\/\/moselhotel-sonnenblick.de\/nl\/wp-json\/wp\/v2\/comments?post=225495"}],"version-history":[{"count":107,"href":"https:\/\/moselhotel-sonnenblick.de\/nl\/wp-json\/wp\/v2\/pages\/225495\/revisions"}],"predecessor-version":[{"id":227554,"href":"https:\/\/moselhotel-sonnenblick.de\/nl\/wp-json\/wp\/v2\/pages\/225495\/revisions\/227554"}],"wp:attachment":[{"href":"https:\/\/moselhotel-sonnenblick.de\/nl\/wp-json\/wp\/v2\/media?parent=225495"}],"curies":[{"name":"wp","href":"https:\/\/api.w.org\/{rel}","templated":true}]}}